{"id":105,"date":"2018-11-19T20:53:22","date_gmt":"2018-11-19T20:53:22","guid":{"rendered":"https:\/\/rancholagitana.org\/?page_id=105"},"modified":"2018-11-19T21:18:04","modified_gmt":"2018-11-19T21:18:04","slug":"mapa","status":"publish","type":"page","link":"https:\/\/rancholagitana.org\/es\/mapa\/","title":{"rendered":"Como llegar a Rancho La Gitana"},"content":{"rendered":"\n<p>Rancho La Gitana se encuentra a como  8 km del centro de P\u00e1tzcuaro, en Tzurum\u00fataro.<\/p>\n\n\n\n<p>Para usar Google Maps, d\u00e9 click\u00a0<a rel=\"noreferrer noopener\" href=\"https:\/\/goo.gl\/maps\/17tWo6Gjabs\" target=\"_blank\">aqu\u00ed<\/a>.<\/p>\n\n\n\n<p>Desde P\u00e1tzcuaro, vaya rumbo a Morelia y tome la izquierda para Tzintzuntzan\/Quiroga.<\/p>\n\n\n\n<p>Desde Morelia, antes de llegar a P\u00e1tzcuaro, tome la derecha para Tzintzuntzan\/Quiroga.<\/p>\n\n\n\n<p>Despues de cruzar la via f\u00e9rrea, vaya 500 m y tome la izquierda por Benito Ju\u00e1rez.\u00a0 De ah\u00ed, siga 600 m para llegar a\u00a0<strong>Rancho La Gitana<\/strong>\u00a0en el Benito Ju\u00e1rez #15.<\/p>\n\n\n\n<p><strong>Por Combi:<\/strong>\u00a0Se puede tomar el Combi <strong>Tzurum\u00fataro B por la Cl\u00ednica<\/strong> desde la Comex en la Plaza Chica de P\u00e1tzcuaro.<\/p>\n\n\n\n\n<div role=\"navigation\" aria-label=\"Selector de idioma\" class=\"wpml-ls-statics-shortcode_actions wpml-ls wpml-ls-legacy-list-vertical\">\n\t<ul>\n\n\t\t\t\t\t<li class=\"wpml-ls-slot-shortcode_actions wpml-ls-item wpml-ls-item-en wpml-ls-first-item wpml-ls-last-item wpml-ls-item-legacy-list-vertical\">\n\t\t\t\t<a href=\"https:\/\/rancholagitana.org\/\" hreflang=\"en\" lang=\"en\" class=\"wpml-ls-link\" aria-label=\"Cambiar a English\" title=\"Cambiar a English\">\n\t\t\t\t\t<span class=\"wpml-ls-native\">English<\/span><\/a>\n\t\t\t<\/li>\n\t\t\n\t<\/ul>\n<\/div>\n\n","protected":false},"excerpt":{"rendered":"<p>Rancho La Gitana se encuentra a como 8 km del centro de P\u00e1tzcuaro, en Tzurum\u00fataro. Para usar Google Maps, d\u00e9 click\u00a0aqu\u00ed. Desde P\u00e1tzcuaro, vaya rumbo a Morelia y tome la izquierda para Tzintzuntzan\/Quiroga. Desde Morelia, antes de llegar a P\u00e1tzcuaro, tome la derecha para Tzintzuntzan\/Quiroga. Despues de cruzar la via f\u00e9rrea, vaya 500 m y [&hellip;]<\/p>\n","protected":false},"author":1,"featured_media":106,"parent":0,"menu_order":0,"comment_status":"closed","ping_status":"closed","template":"page-templates\/no-sidebar.php","meta":{"footnotes":""},"class_list":["post-105","page","type-page","status-publish","has-post-thumbnail","hentry"],"yoast_head":"<!-- This site is optimized with the Yoast SEO plugin v27.5 - https:\/\/yoast.com\/product\/yoast-seo-wordpress\/ -->\n<title>Como llegar a Rancho La Gitana - Rancho La Gitana<\/title>\n<meta name=\"robots\" content=\"index, follow, max-snippet:-1, max-image-preview:large, max-video-preview:-1\" \/>\n<link rel=\"canonical\" href=\"https:\/\/rancholagitana.org\/es\/mapa\/\" \/>\n<meta property=\"og:locale\" content=\"es_ES\" \/>\n<meta property=\"og:type\" content=\"article\" \/>\n<meta property=\"og:title\" content=\"Como llegar a Rancho La Gitana - Rancho La Gitana\" \/>\n<meta property=\"og:description\" content=\"Rancho La Gitana se encuentra a como 8 km del centro de P\u00e1tzcuaro, en Tzurum\u00fataro. Para usar Google Maps, d\u00e9 click\u00a0aqu\u00ed. Desde P\u00e1tzcuaro, vaya rumbo a Morelia y tome la izquierda para Tzintzuntzan\/Quiroga. Desde Morelia, antes de llegar a P\u00e1tzcuaro, tome la derecha para Tzintzuntzan\/Quiroga. Despues de cruzar la via f\u00e9rrea, vaya 500 m y [&hellip;]\" \/>\n<meta property=\"og:url\" content=\"https:\/\/rancholagitana.org\/es\/mapa\/\" \/>\n<meta property=\"og:site_name\" content=\"Rancho La Gitana\" \/>\n<meta property=\"article:publisher\" content=\"https:\/\/www.facebook.com\/deborah.peacock.330\" \/>\n<meta property=\"article:modified_time\" content=\"2018-11-19T21:18:04+00:00\" \/>\n<meta property=\"og:image\" content=\"https:\/\/rancholagitana.org\/wp-content\/uploads\/2018\/11\/map.png\" \/>\n\t<meta property=\"og:image:width\" content=\"1148\" \/>\n\t<meta property=\"og:image:height\" content=\"728\" \/>\n\t<meta property=\"og:image:type\" content=\"image\/png\" \/>\n<meta name=\"twitter:card\" content=\"summary_large_image\" \/>\n<meta name=\"twitter:label1\" content=\"Tiempo de lectura\" \/>\n\t<meta name=\"twitter:data1\" content=\"1 minuto\" \/>\n<script type=\"application\/ld+json\" class=\"yoast-schema-graph\">{\"@context\":\"https:\\\/\\\/schema.org\",\"@graph\":[{\"@type\":\"WebPage\",\"@id\":\"https:\\\/\\\/rancholagitana.org\\\/es\\\/mapa\\\/\",\"url\":\"https:\\\/\\\/rancholagitana.org\\\/es\\\/mapa\\\/\",\"name\":\"Como llegar a Rancho La Gitana - Rancho La Gitana\",\"isPartOf\":{\"@id\":\"https:\\\/\\\/rancholagitana.org\\\/es\\\/#website\"},\"primaryImageOfPage\":{\"@id\":\"https:\\\/\\\/rancholagitana.org\\\/es\\\/mapa\\\/#primaryimage\"},\"image\":{\"@id\":\"https:\\\/\\\/rancholagitana.org\\\/es\\\/mapa\\\/#primaryimage\"},\"thumbnailUrl\":\"https:\\\/\\\/rancholagitana.org\\\/wp-content\\\/uploads\\\/2018\\\/11\\\/map.png\",\"datePublished\":\"2018-11-19T20:53:22+00:00\",\"dateModified\":\"2018-11-19T21:18:04+00:00\",\"breadcrumb\":{\"@id\":\"https:\\\/\\\/rancholagitana.org\\\/es\\\/mapa\\\/#breadcrumb\"},\"inLanguage\":\"es\",\"potentialAction\":[{\"@type\":\"ReadAction\",\"target\":[\"https:\\\/\\\/rancholagitana.org\\\/es\\\/mapa\\\/\"]}]},{\"@type\":\"ImageObject\",\"inLanguage\":\"es\",\"@id\":\"https:\\\/\\\/rancholagitana.org\\\/es\\\/mapa\\\/#primaryimage\",\"url\":\"https:\\\/\\\/rancholagitana.org\\\/wp-content\\\/uploads\\\/2018\\\/11\\\/map.png\",\"contentUrl\":\"https:\\\/\\\/rancholagitana.org\\\/wp-content\\\/uploads\\\/2018\\\/11\\\/map.png\",\"width\":1148,\"height\":728},{\"@type\":\"BreadcrumbList\",\"@id\":\"https:\\\/\\\/rancholagitana.org\\\/es\\\/mapa\\\/#breadcrumb\",\"itemListElement\":[{\"@type\":\"ListItem\",\"position\":1,\"name\":\"Home\",\"item\":\"https:\\\/\\\/rancholagitana.org\\\/es\\\/\"},{\"@type\":\"ListItem\",\"position\":2,\"name\":\"Como llegar a Rancho La Gitana\"}]},{\"@type\":\"WebSite\",\"@id\":\"https:\\\/\\\/rancholagitana.org\\\/es\\\/#website\",\"url\":\"https:\\\/\\\/rancholagitana.org\\\/es\\\/\",\"name\":\"Rancho La Gitana\",\"description\":\"\",\"publisher\":{\"@id\":\"https:\\\/\\\/rancholagitana.org\\\/es\\\/#organization\"},\"potentialAction\":[{\"@type\":\"SearchAction\",\"target\":{\"@type\":\"EntryPoint\",\"urlTemplate\":\"https:\\\/\\\/rancholagitana.org\\\/es\\\/?s={search_term_string}\"},\"query-input\":{\"@type\":\"PropertyValueSpecification\",\"valueRequired\":true,\"valueName\":\"search_term_string\"}}],\"inLanguage\":\"es\"},{\"@type\":\"Organization\",\"@id\":\"https:\\\/\\\/rancholagitana.org\\\/es\\\/#organization\",\"name\":\"Rancho La Gitana\",\"url\":\"https:\\\/\\\/rancholagitana.org\\\/es\\\/\",\"logo\":{\"@type\":\"ImageObject\",\"inLanguage\":\"es\",\"@id\":\"https:\\\/\\\/rancholagitana.org\\\/es\\\/#\\\/schema\\\/logo\\\/image\\\/\",\"url\":\"https:\\\/\\\/rancholagitana.org\\\/wp-content\\\/uploads\\\/2018\\\/11\\\/horseshoe-250x250.png\",\"contentUrl\":\"https:\\\/\\\/rancholagitana.org\\\/wp-content\\\/uploads\\\/2018\\\/11\\\/horseshoe-250x250.png\",\"width\":250,\"height\":250,\"caption\":\"Rancho La Gitana\"},\"image\":{\"@id\":\"https:\\\/\\\/rancholagitana.org\\\/es\\\/#\\\/schema\\\/logo\\\/image\\\/\"},\"sameAs\":[\"https:\\\/\\\/www.facebook.com\\\/deborah.peacock.330\"]}]}<\/script>\n<!-- \/ Yoast SEO plugin. -->","yoast_head_json":{"title":"Como llegar a Rancho La Gitana - Rancho La Gitana","robots":{"index":"index","follow":"follow","max-snippet":"max-snippet:-1","max-image-preview":"max-image-preview:large","max-video-preview":"max-video-preview:-1"},"canonical":"https:\/\/rancholagitana.org\/es\/mapa\/","og_locale":"es_ES","og_type":"article","og_title":"Como llegar a Rancho La Gitana - Rancho La Gitana","og_description":"Rancho La Gitana se encuentra a como 8 km del centro de P\u00e1tzcuaro, en Tzurum\u00fataro. Para usar Google Maps, d\u00e9 click\u00a0aqu\u00ed. Desde P\u00e1tzcuaro, vaya rumbo a Morelia y tome la izquierda para Tzintzuntzan\/Quiroga. Desde Morelia, antes de llegar a P\u00e1tzcuaro, tome la derecha para Tzintzuntzan\/Quiroga. Despues de cruzar la via f\u00e9rrea, vaya 500 m y [&hellip;]","og_url":"https:\/\/rancholagitana.org\/es\/mapa\/","og_site_name":"Rancho La Gitana","article_publisher":"https:\/\/www.facebook.com\/deborah.peacock.330","article_modified_time":"2018-11-19T21:18:04+00:00","og_image":[{"width":1148,"height":728,"url":"https:\/\/rancholagitana.org\/wp-content\/uploads\/2018\/11\/map.png","type":"image\/png"}],"twitter_card":"summary_large_image","twitter_misc":{"Tiempo de lectura":"1 minuto"},"schema":{"@context":"https:\/\/schema.org","@graph":[{"@type":"WebPage","@id":"https:\/\/rancholagitana.org\/es\/mapa\/","url":"https:\/\/rancholagitana.org\/es\/mapa\/","name":"Como llegar a Rancho La Gitana - Rancho La Gitana","isPartOf":{"@id":"https:\/\/rancholagitana.org\/es\/#website"},"primaryImageOfPage":{"@id":"https:\/\/rancholagitana.org\/es\/mapa\/#primaryimage"},"image":{"@id":"https:\/\/rancholagitana.org\/es\/mapa\/#primaryimage"},"thumbnailUrl":"https:\/\/rancholagitana.org\/wp-content\/uploads\/2018\/11\/map.png","datePublished":"2018-11-19T20:53:22+00:00","dateModified":"2018-11-19T21:18:04+00:00","breadcrumb":{"@id":"https:\/\/rancholagitana.org\/es\/mapa\/#breadcrumb"},"inLanguage":"es","potentialAction":[{"@type":"ReadAction","target":["https:\/\/rancholagitana.org\/es\/mapa\/"]}]},{"@type":"ImageObject","inLanguage":"es","@id":"https:\/\/rancholagitana.org\/es\/mapa\/#primaryimage","url":"https:\/\/rancholagitana.org\/wp-content\/uploads\/2018\/11\/map.png","contentUrl":"https:\/\/rancholagitana.org\/wp-content\/uploads\/2018\/11\/map.png","width":1148,"height":728},{"@type":"BreadcrumbList","@id":"https:\/\/rancholagitana.org\/es\/mapa\/#breadcrumb","itemListElement":[{"@type":"ListItem","position":1,"name":"Home","item":"https:\/\/rancholagitana.org\/es\/"},{"@type":"ListItem","position":2,"name":"Como llegar a Rancho La Gitana"}]},{"@type":"WebSite","@id":"https:\/\/rancholagitana.org\/es\/#website","url":"https:\/\/rancholagitana.org\/es\/","name":"Rancho La Gitana","description":"","publisher":{"@id":"https:\/\/rancholagitana.org\/es\/#organization"},"potentialAction":[{"@type":"SearchAction","target":{"@type":"EntryPoint","urlTemplate":"https:\/\/rancholagitana.org\/es\/?s={search_term_string}"},"query-input":{"@type":"PropertyValueSpecification","valueRequired":true,"valueName":"search_term_string"}}],"inLanguage":"es"},{"@type":"Organization","@id":"https:\/\/rancholagitana.org\/es\/#organization","name":"Rancho La Gitana","url":"https:\/\/rancholagitana.org\/es\/","logo":{"@type":"ImageObject","inLanguage":"es","@id":"https:\/\/rancholagitana.org\/es\/#\/schema\/logo\/image\/","url":"https:\/\/rancholagitana.org\/wp-content\/uploads\/2018\/11\/horseshoe-250x250.png","contentUrl":"https:\/\/rancholagitana.org\/wp-content\/uploads\/2018\/11\/horseshoe-250x250.png","width":250,"height":250,"caption":"Rancho La Gitana"},"image":{"@id":"https:\/\/rancholagitana.org\/es\/#\/schema\/logo\/image\/"},"sameAs":["https:\/\/www.facebook.com\/deborah.peacock.330"]}]}},"_links":{"self":[{"href":"https:\/\/rancholagitana.org\/es\/wp-json\/wp\/v2\/pages\/105","targetHints":{"allow":["GET"]}}],"collection":[{"href":"https:\/\/rancholagitana.org\/es\/wp-json\/wp\/v2\/pages"}],"about":[{"href":"https:\/\/rancholagitana.org\/es\/wp-json\/wp\/v2\/types\/page"}],"author":[{"embeddable":true,"href":"https:\/\/rancholagitana.org\/es\/wp-json\/wp\/v2\/users\/1"}],"replies":[{"embeddable":true,"href":"https:\/\/rancholagitana.org\/es\/wp-json\/wp\/v2\/comments?post=105"}],"version-history":[{"count":3,"href":"https:\/\/rancholagitana.org\/es\/wp-json\/wp\/v2\/pages\/105\/revisions"}],"predecessor-version":[{"id":115,"href":"https:\/\/rancholagitana.org\/es\/wp-json\/wp\/v2\/pages\/105\/revisions\/115"}],"wp:featuredmedia":[{"embeddable":true,"href":"https:\/\/rancholagitana.org\/es\/wp-json\/wp\/v2\/media\/106"}],"wp:attachment":[{"href":"https:\/\/rancholagitana.org\/es\/wp-json\/wp\/v2\/media?parent=105"}],"curies":[{"name":"wp","href":"https:\/\/api.w.org\/{rel}","templated":true}]}}