{"id":75,"date":"2018-11-11T18:32:11","date_gmt":"2018-11-11T18:32:11","guid":{"rendered":"https:\/\/rancholagitana.org\/?page_id=75"},"modified":"2020-05-26T14:36:20","modified_gmt":"2020-05-26T14:36:20","slug":"campana-de-vision-de-patzcuaro","status":"publish","type":"page","link":"https:\/\/rancholagitana.org\/es\/","title":{"rendered":"Proyecto de Cirug\u00edas de Cataratas de la Campa\u00f1a de Visi\u00f3n de P\u00e1tzcuaro"},"content":{"rendered":"\n<p>En febrero de 2018, se llev\u00f3 a cabo una campa\u00f1a de visi\u00f3n, en donde un equipo de optometristas voluntarios de <a rel=\"noreferrer noopener\" aria-label=\"En febrero de este a\u00f1o, se llev\u00f3 a cabo una campa\u00f1a de visi\u00f3n, en donde un equipo de optometristas voluntarios de VOSH Ohio (Optometristas Voluntarios en Servicio a la Humanidad de Ohio) vino a P\u00e1tzcuaro, Santa Clara del Cobre y Tzurumutaro. &nbsp;Examinaron 2200 pacientes y distribuyeron lentes correctivos y gafas protectoras a casi todos los que los necesitaban.  Hubieron 187 pacientes que requirieron correcci\u00f3n \u00f3ptica especial, y el equipo de VOSH Ohio regres\u00f3 dos meses despu\u00e9s para surtir los lentes especiales que fabricaron. &nbsp;Estar presente para ver la reacci\u00f3n de los recipientes fue verdaderamente extraordinario.\n (opens in a new tab)\" href=\"http:\/\/voshohio.com\" target=\"_blank\">VOSH Ohio<\/a> (Optometristas Voluntarios en Servicio a la Humanidad de Ohio) vino a P\u00e1tzcuaro, Santa Clara del Cobre y Tzurum\u00fataro. &nbsp;Examinaron a 2200 pacientes y distribuyeron lentes correctivos y gafas protectoras a casi todos los que los necesitaban.  <br><\/p>\n\n\n\n<p>Desafortunadamente, hubieron muchos con problemas oft\u00e1lmicos demasiado severos para corregir con lentes. &nbsp;\u00c9stos incluyen campesinos, artesanos y otros que trabajan afuera o en ambientes t\u00f3xicos o lleno de humo.  VOSH Ohio identific\u00f3 88 ojos que necesitan cirug\u00eda para cataratas u otros problemas oft\u00e1lmicos. &nbsp;Hemos seleccionado una cirujana y cl\u00ednica en Morelia para desempe\u00f1ar las cirug\u00edas, las cuales empezaron el 23 de octubre.  VOSH Ohio don\u00f3 $10,000 d\u00f3lares para ayudar con el costo, pero nos hace falta para poder remediar todos los que lo necesitan.<br><\/p>\n\n\n\n<p>Si usted nos puede ayudar a alcanzar esta meta, ahora puede donar usando una tarjeta de cr\u00e9dito o PayPal d\u00e1ndole click a este boton:<\/p>\n\n\n\n<form action=\"https:\/\/www.paypal.com\/cgi-bin\/webscr\" method=\"post\" target=\"_top\">\n<input type=\"hidden\" name=\"cmd\" value=\"_s-xclick\">\n<input type=\"hidden\" name=\"hosted_button_id\" value=\"VAVB8JNBGAPCS\">\n<input type=\"image\" class=\"donate_button\" src=\"https:\/\/www.paypalobjects.com\/en_US\/i\/btn\/btn_donateCC_LG.gif\" border=\"0\" name=\"submit\" title=\"PayPal - The safer, easier way to pay online!\" alt=\"Donate with PayPal button\">\n<img loading=\"lazy\" decoding=\"async\" alt=\"\" border=\"0\" src=\"https:\/\/www.paypal.com\/en_US\/i\/scr\/pixel.gif\" width=\"1\" height=\"1\">\n<\/form>\n\n\n\n<hr class=\"wp-block-separator\"\/>\n\n\n\n<div class=\"wp-block-columns is-layout-flex wp-container-core-columns-is-layout-9d6595d7 wp-block-columns-is-layout-flex\">\n<div class=\"wp-block-column is-layout-flow wp-block-column-is-layout-flow\">\n<h2 class=\"wp-block-heading\">Segunda de Primera <\/h2>\n\n\n\n<figure class=\"wp-block-image\"><img loading=\"lazy\" decoding=\"async\" width=\"1024\" height=\"747\" src=\"https:\/\/rancholagitana.org\/wp-content\/uploads\/2019\/06\/2de1-facade-1024x747.png\" alt=\"\" class=\"wp-image-405\" srcset=\"https:\/\/rancholagitana.org\/wp-content\/uploads\/2019\/06\/2de1-facade-1024x747.png 1024w, https:\/\/rancholagitana.org\/wp-content\/uploads\/2019\/06\/2de1-facade-300x219.png 300w, https:\/\/rancholagitana.org\/wp-content\/uploads\/2019\/06\/2de1-facade-768x560.png 768w, https:\/\/rancholagitana.org\/wp-content\/uploads\/2019\/06\/2de1-facade.png 1184w\" sizes=\"auto, (max-width: 1024px) 100vw, 1024px\" \/><\/figure>\n\n\n\n<p>Tenemos una selecci\u00f3n grande de prendas un nuestro local en Tzurum\u00fataro. Nos puedes encontrar\u00e1s en el portal de la plazita al lado de la tienda DICONSA.<\/p>\n\n\n\n<div class=\"wp-block-button aligncenter\"><a class=\"wp-block-button__link has-background has-vivid-red-background-color no-border-radius\" href=\"https:\/\/rancholagitana.org\/es\/segunda-de-primera\/\">Ver M\u00e1s<\/a><\/div>\n<\/div>\n\n\n\n<div class=\"wp-block-column is-layout-flow wp-block-column-is-layout-flow\">\n<h2 class=\"wp-block-heading\">Talleres 2019 en Rancho La Gitana<\/h2>\n\n\n\n<figure class=\"wp-block-image size-large\"><img loading=\"lazy\" decoding=\"async\" width=\"523\" height=\"454\" src=\"https:\/\/rancholagitana.org\/wp-content\/uploads\/2020\/05\/art-workshops-3a.png\" alt=\"\" class=\"wp-image-465\" srcset=\"https:\/\/rancholagitana.org\/wp-content\/uploads\/2020\/05\/art-workshops-3a.png 523w, https:\/\/rancholagitana.org\/wp-content\/uploads\/2020\/05\/art-workshops-3a-300x260.png 300w\" sizes=\"auto, (max-width: 523px) 100vw, 523px\" \/><\/figure>\n\n\n\n<p>Este verano celebramos nuestro tercer a\u00f1o de talleres de arte e ingl\u00e9s para las ni\u00f1as y ni\u00f1os del pueblo de Tzurum\u00fataro.&nbsp;<\/p>\n\n\n\n<div class=\"wp-block-button aligncenter\"><a class=\"wp-block-button__link has-background has-vivid-red-background-color no-border-radius\" href=\"https:\/\/rancholagitana.org\/es\/talleres-2019\/\">Ver M\u00e1s<\/a><\/div>\n\n\n\n<p><\/p>\n<\/div>\n<\/div>\n\n\n\n<p><\/p>\n\n\n\n\n<div role=\"navigation\" aria-label=\"Selector de idioma\" class=\"wpml-ls-statics-shortcode_actions wpml-ls wpml-ls-legacy-list-vertical\">\n\t<ul>\n\n\t\t\t\t\t<li class=\"wpml-ls-slot-shortcode_actions wpml-ls-item wpml-ls-item-en wpml-ls-first-item wpml-ls-last-item wpml-ls-item-legacy-list-vertical\">\n\t\t\t\t<a href=\"https:\/\/rancholagitana.org\/\" hreflang=\"en\" lang=\"en\" class=\"wpml-ls-link\" aria-label=\"Cambiar a English\" title=\"Cambiar a English\">\n\t\t\t\t\t<span class=\"wpml-ls-native\">English<\/span><\/a>\n\t\t\t<\/li>\n\t\t\n\t<\/ul>\n<\/div>\n\n","protected":false},"excerpt":{"rendered":"<p>En febrero de 2018, se llev\u00f3 a cabo una campa\u00f1a de visi\u00f3n, en donde un equipo de optometristas voluntarios de VOSH Ohio (Optometristas Voluntarios en Servicio a la Humanidad de Ohio) vino a P\u00e1tzcuaro, Santa Clara del Cobre y Tzurum\u00fataro. &nbsp;Examinaron a 2200 pacientes y distribuyeron lentes correctivos y gafas protectoras a casi todos los [&hellip;]<\/p>\n","protected":false},"author":1,"featured_media":474,"parent":0,"menu_order":0,"comment_status":"closed","ping_status":"open","template":"page-templates\/no-sidebar.php","meta":{"footnotes":""},"class_list":["post-75","page","type-page","status-publish","has-post-thumbnail","hentry"],"yoast_head":"<!-- This site is optimized with the Yoast SEO plugin v27.3 - https:\/\/yoast.com\/product\/yoast-seo-wordpress\/ -->\n<title>Campa\u00f1a de Visi\u00f3n - Rancho La Gitana<\/title>\n<meta name=\"description\" content=\"Hemos recaudado fondos para mas de 40 cirug\u00edas de cataratas. Hay mas necesidad, incluyendo do ni\u00f1os de un a\u00f1o que requieren cirug\u00eda en ambos ojos.\" \/>\n<meta name=\"robots\" content=\"index, follow, max-snippet:-1, max-image-preview:large, max-video-preview:-1\" \/>\n<link rel=\"canonical\" href=\"https:\/\/rancholagitana.org\/es\/\" \/>\n<meta property=\"og:locale\" content=\"es_ES\" \/>\n<meta property=\"og:type\" content=\"article\" \/>\n<meta property=\"og:title\" content=\"Proyecto de Cirug\u00edas de Cataratas - Campa\u00f1a de Visi\u00f3n de P\u00e1tzcuaro\" \/>\n<meta property=\"og:description\" content=\"Hemos recaudado fondos para mas de 40 cirug\u00edas de cataratas. Hay mas necesidad, incluyendo do ni\u00f1os de un a\u00f1o que requieren cirug\u00eda en ambos ojos.\" \/>\n<meta property=\"og:url\" content=\"https:\/\/rancholagitana.org\/es\/\" \/>\n<meta property=\"og:site_name\" content=\"Rancho La Gitana\" \/>\n<meta property=\"article:publisher\" content=\"https:\/\/www.facebook.com\/deborah.peacock.330\" \/>\n<meta property=\"article:modified_time\" content=\"2020-05-26T14:36:20+00:00\" \/>\n<meta property=\"og:image\" content=\"https:\/\/rancholagitana.org\/wp-content\/uploads\/2020\/05\/PVC_logo_og-1.png\" \/>\n\t<meta property=\"og:image:width\" content=\"1200\" \/>\n\t<meta property=\"og:image:height\" content=\"630\" \/>\n\t<meta property=\"og:image:type\" content=\"image\/png\" \/>\n<meta name=\"twitter:card\" content=\"summary_large_image\" \/>\n<meta name=\"twitter:label1\" content=\"Tiempo de lectura\" \/>\n\t<meta name=\"twitter:data1\" content=\"1 minuto\" \/>\n<script type=\"application\/ld+json\" class=\"yoast-schema-graph\">{\"@context\":\"https:\\\/\\\/schema.org\",\"@graph\":[{\"@type\":\"WebPage\",\"@id\":\"https:\\\/\\\/rancholagitana.org\\\/es\\\/\",\"url\":\"https:\\\/\\\/rancholagitana.org\\\/es\\\/\",\"name\":\"Campa\u00f1a de Visi\u00f3n - Rancho La Gitana\",\"isPartOf\":{\"@id\":\"https:\\\/\\\/rancholagitana.org\\\/es\\\/#website\"},\"primaryImageOfPage\":{\"@id\":\"https:\\\/\\\/rancholagitana.org\\\/es\\\/#primaryimage\"},\"image\":{\"@id\":\"https:\\\/\\\/rancholagitana.org\\\/es\\\/#primaryimage\"},\"thumbnailUrl\":\"https:\\\/\\\/rancholagitana.org\\\/wp-content\\\/uploads\\\/2020\\\/05\\\/PVC_logo_monochrome@2x.png\",\"datePublished\":\"2018-11-11T18:32:11+00:00\",\"dateModified\":\"2020-05-26T14:36:20+00:00\",\"description\":\"Hemos recaudado fondos para mas de 40 cirug\u00edas de cataratas. Hay mas necesidad, incluyendo do ni\u00f1os de un a\u00f1o que requieren cirug\u00eda en ambos ojos.\",\"breadcrumb\":{\"@id\":\"https:\\\/\\\/rancholagitana.org\\\/es\\\/#breadcrumb\"},\"inLanguage\":\"es\",\"potentialAction\":[{\"@type\":\"ReadAction\",\"target\":[\"https:\\\/\\\/rancholagitana.org\\\/es\\\/\"]}]},{\"@type\":\"ImageObject\",\"inLanguage\":\"es\",\"@id\":\"https:\\\/\\\/rancholagitana.org\\\/es\\\/#primaryimage\",\"url\":\"https:\\\/\\\/rancholagitana.org\\\/wp-content\\\/uploads\\\/2020\\\/05\\\/PVC_logo_monochrome@2x.png\",\"contentUrl\":\"https:\\\/\\\/rancholagitana.org\\\/wp-content\\\/uploads\\\/2020\\\/05\\\/PVC_logo_monochrome@2x.png\",\"width\":1388,\"height\":1088},{\"@type\":\"BreadcrumbList\",\"@id\":\"https:\\\/\\\/rancholagitana.org\\\/es\\\/#breadcrumb\",\"itemListElement\":[{\"@type\":\"ListItem\",\"position\":1,\"name\":\"Home\",\"item\":\"https:\\\/\\\/rancholagitana.org\\\/es\\\/\"},{\"@type\":\"ListItem\",\"position\":2,\"name\":\"Proyecto de Cirug\u00edas de Cataratas de la Campa\u00f1a de Visi\u00f3n de P\u00e1tzcuaro\"}]},{\"@type\":\"WebSite\",\"@id\":\"https:\\\/\\\/rancholagitana.org\\\/es\\\/#website\",\"url\":\"https:\\\/\\\/rancholagitana.org\\\/es\\\/\",\"name\":\"Rancho La Gitana\",\"description\":\"\",\"publisher\":{\"@id\":\"https:\\\/\\\/rancholagitana.org\\\/es\\\/#organization\"},\"potentialAction\":[{\"@type\":\"SearchAction\",\"target\":{\"@type\":\"EntryPoint\",\"urlTemplate\":\"https:\\\/\\\/rancholagitana.org\\\/es\\\/?s={search_term_string}\"},\"query-input\":{\"@type\":\"PropertyValueSpecification\",\"valueRequired\":true,\"valueName\":\"search_term_string\"}}],\"inLanguage\":\"es\"},{\"@type\":\"Organization\",\"@id\":\"https:\\\/\\\/rancholagitana.org\\\/es\\\/#organization\",\"name\":\"Rancho La Gitana\",\"url\":\"https:\\\/\\\/rancholagitana.org\\\/es\\\/\",\"logo\":{\"@type\":\"ImageObject\",\"inLanguage\":\"es\",\"@id\":\"https:\\\/\\\/rancholagitana.org\\\/es\\\/#\\\/schema\\\/logo\\\/image\\\/\",\"url\":\"https:\\\/\\\/rancholagitana.org\\\/wp-content\\\/uploads\\\/2018\\\/11\\\/horseshoe-250x250.png\",\"contentUrl\":\"https:\\\/\\\/rancholagitana.org\\\/wp-content\\\/uploads\\\/2018\\\/11\\\/horseshoe-250x250.png\",\"width\":250,\"height\":250,\"caption\":\"Rancho La Gitana\"},\"image\":{\"@id\":\"https:\\\/\\\/rancholagitana.org\\\/es\\\/#\\\/schema\\\/logo\\\/image\\\/\"},\"sameAs\":[\"https:\\\/\\\/www.facebook.com\\\/deborah.peacock.330\"]}]}<\/script>\n<!-- \/ Yoast SEO plugin. -->","yoast_head_json":{"title":"Campa\u00f1a de Visi\u00f3n - Rancho La Gitana","description":"Hemos recaudado fondos para mas de 40 cirug\u00edas de cataratas. Hay mas necesidad, incluyendo do ni\u00f1os de un a\u00f1o que requieren cirug\u00eda en ambos ojos.","robots":{"index":"index","follow":"follow","max-snippet":"max-snippet:-1","max-image-preview":"max-image-preview:large","max-video-preview":"max-video-preview:-1"},"canonical":"https:\/\/rancholagitana.org\/es\/","og_locale":"es_ES","og_type":"article","og_title":"Proyecto de Cirug\u00edas de Cataratas - Campa\u00f1a de Visi\u00f3n de P\u00e1tzcuaro","og_description":"Hemos recaudado fondos para mas de 40 cirug\u00edas de cataratas. Hay mas necesidad, incluyendo do ni\u00f1os de un a\u00f1o que requieren cirug\u00eda en ambos ojos.","og_url":"https:\/\/rancholagitana.org\/es\/","og_site_name":"Rancho La Gitana","article_publisher":"https:\/\/www.facebook.com\/deborah.peacock.330","article_modified_time":"2020-05-26T14:36:20+00:00","og_image":[{"width":1200,"height":630,"url":"https:\/\/rancholagitana.org\/wp-content\/uploads\/2020\/05\/PVC_logo_og-1.png","type":"image\/png"}],"twitter_card":"summary_large_image","twitter_misc":{"Tiempo de lectura":"1 minuto"},"schema":{"@context":"https:\/\/schema.org","@graph":[{"@type":"WebPage","@id":"https:\/\/rancholagitana.org\/es\/","url":"https:\/\/rancholagitana.org\/es\/","name":"Campa\u00f1a de Visi\u00f3n - Rancho La Gitana","isPartOf":{"@id":"https:\/\/rancholagitana.org\/es\/#website"},"primaryImageOfPage":{"@id":"https:\/\/rancholagitana.org\/es\/#primaryimage"},"image":{"@id":"https:\/\/rancholagitana.org\/es\/#primaryimage"},"thumbnailUrl":"https:\/\/rancholagitana.org\/wp-content\/uploads\/2020\/05\/PVC_logo_monochrome@2x.png","datePublished":"2018-11-11T18:32:11+00:00","dateModified":"2020-05-26T14:36:20+00:00","description":"Hemos recaudado fondos para mas de 40 cirug\u00edas de cataratas. Hay mas necesidad, incluyendo do ni\u00f1os de un a\u00f1o que requieren cirug\u00eda en ambos ojos.","breadcrumb":{"@id":"https:\/\/rancholagitana.org\/es\/#breadcrumb"},"inLanguage":"es","potentialAction":[{"@type":"ReadAction","target":["https:\/\/rancholagitana.org\/es\/"]}]},{"@type":"ImageObject","inLanguage":"es","@id":"https:\/\/rancholagitana.org\/es\/#primaryimage","url":"https:\/\/rancholagitana.org\/wp-content\/uploads\/2020\/05\/PVC_logo_monochrome@2x.png","contentUrl":"https:\/\/rancholagitana.org\/wp-content\/uploads\/2020\/05\/PVC_logo_monochrome@2x.png","width":1388,"height":1088},{"@type":"BreadcrumbList","@id":"https:\/\/rancholagitana.org\/es\/#breadcrumb","itemListElement":[{"@type":"ListItem","position":1,"name":"Home","item":"https:\/\/rancholagitana.org\/es\/"},{"@type":"ListItem","position":2,"name":"Proyecto de Cirug\u00edas de Cataratas de la Campa\u00f1a de Visi\u00f3n de P\u00e1tzcuaro"}]},{"@type":"WebSite","@id":"https:\/\/rancholagitana.org\/es\/#website","url":"https:\/\/rancholagitana.org\/es\/","name":"Rancho La Gitana","description":"","publisher":{"@id":"https:\/\/rancholagitana.org\/es\/#organization"},"potentialAction":[{"@type":"SearchAction","target":{"@type":"EntryPoint","urlTemplate":"https:\/\/rancholagitana.org\/es\/?s={search_term_string}"},"query-input":{"@type":"PropertyValueSpecification","valueRequired":true,"valueName":"search_term_string"}}],"inLanguage":"es"},{"@type":"Organization","@id":"https:\/\/rancholagitana.org\/es\/#organization","name":"Rancho La Gitana","url":"https:\/\/rancholagitana.org\/es\/","logo":{"@type":"ImageObject","inLanguage":"es","@id":"https:\/\/rancholagitana.org\/es\/#\/schema\/logo\/image\/","url":"https:\/\/rancholagitana.org\/wp-content\/uploads\/2018\/11\/horseshoe-250x250.png","contentUrl":"https:\/\/rancholagitana.org\/wp-content\/uploads\/2018\/11\/horseshoe-250x250.png","width":250,"height":250,"caption":"Rancho La Gitana"},"image":{"@id":"https:\/\/rancholagitana.org\/es\/#\/schema\/logo\/image\/"},"sameAs":["https:\/\/www.facebook.com\/deborah.peacock.330"]}]}},"_links":{"self":[{"href":"https:\/\/rancholagitana.org\/es\/wp-json\/wp\/v2\/pages\/75","targetHints":{"allow":["GET"]}}],"collection":[{"href":"https:\/\/rancholagitana.org\/es\/wp-json\/wp\/v2\/pages"}],"about":[{"href":"https:\/\/rancholagitana.org\/es\/wp-json\/wp\/v2\/types\/page"}],"author":[{"embeddable":true,"href":"https:\/\/rancholagitana.org\/es\/wp-json\/wp\/v2\/users\/1"}],"replies":[{"embeddable":true,"href":"https:\/\/rancholagitana.org\/es\/wp-json\/wp\/v2\/comments?post=75"}],"version-history":[{"count":33,"href":"https:\/\/rancholagitana.org\/es\/wp-json\/wp\/v2\/pages\/75\/revisions"}],"predecessor-version":[{"id":495,"href":"https:\/\/rancholagitana.org\/es\/wp-json\/wp\/v2\/pages\/75\/revisions\/495"}],"wp:featuredmedia":[{"embeddable":true,"href":"https:\/\/rancholagitana.org\/es\/wp-json\/wp\/v2\/media\/474"}],"wp:attachment":[{"href":"https:\/\/rancholagitana.org\/es\/wp-json\/wp\/v2\/media?parent=75"}],"curies":[{"name":"wp","href":"https:\/\/api.w.org\/{rel}","templated":true}]}}